{"id":1247,"date":"2018-05-19T09:06:27","date_gmt":"2018-05-19T07:06:27","guid":{"rendered":"http:\/\/blog.dreamland.cc\/?page_id=1247"},"modified":"2018-05-19T09:23:37","modified_gmt":"2018-05-19T07:23:37","slug":"datenschutzerklaerung","status":"publish","type":"page","link":"https:\/\/blog.dreamland.cc\/?page_id=1247","title":{"rendered":"Datenschutzerkl\u00e4rung"},"content":{"rendered":"<h6><strong>Speicherung pers\u00f6nlicher Daten<\/strong><\/h6>\n<p>Diese Webseite erm\u00f6glicht es Kommentare zu den Beitr\u00e4gen abzugeben.<br \/>\nPers\u00f6nliche Daten, die auf diesem Weg vom Benutzer eingegeben werden, wie zum Beispiel (Name, e-Mailadresse, Weblink) sowie der Text des Kommentars, werden von der Software automatisch sichtbar als Kommentar zum jeweiligen Artikel abgespeichert. Mit dem Speichern erkl\u00e4ren sie sich einverstanden diese Informationen sichtbar auf der Webseite angezeigt und \u00f6ffentlich einsehbar sind.<br \/>\nWenn sie Interesse haben, \u00fcber Antworten zu den Kommentaren informiert zu werden, ist es n\u00f6tig eine g\u00fcltige e-Mailadresse anzugeben. Diese Daten werden unbefristet hier auf der Webseite gespeichert und nicht weiter verarbeitet oder an Dritte weitergegeben.<br \/>\nEin Recht auf die Ver\u00f6ffentlichung der Kommentare besteht nicht. Kommentare mit Werbelinks oder Kommentare in unverst\u00e4ndlicher Sprache werden kommentarlos gel\u00f6scht.<\/p>\n<h6><strong>Cookies und \u00e4hnliche Technologien<br \/>\n<\/strong><\/h6>\n<div>Ich nutze interne Cookies, um meine Webseite nutzerfreundlicher zu gestalten. Sie erkl\u00e4ren sich durch die Nutzung der Seite ausdr\u00fccklich, in die Setzung von Cookies einzuwilligen. Wenn Sie dies nicht w\u00fcnschen, k\u00f6nnen Sie Ihren Browser entweder so einrichten, dass er Sie \u00fcber das Erstellen von Cookies informiert. Weiters gibt es die M\u00f6glichkeit ihren Browser so einzustellen, dass er Cookies nur tempor\u00e4r zul\u00e4sst oder gar nicht speichert. Die n\u00f6tige Vorgangsweise dazu entnehmen sie der Dokumentation ihres benutzen Browsers. Wenn Cookies per Browsereinstellung deaktivieren, k\u00f6nnen eventuell manche Funktionen und Seiten nicht wie erwartet funktionieren. N\u00e4here Informationen zu Cookies zum Nachlesen: <a href=\"https:\/\/de.wikipedia.org\/wiki\/HTTP-Cookie\" target=\"_blank\" rel=\"noopener\">-&gt; Wikipedia Seite<\/a><\/div>\n<div><\/div>\n<h6><strong>Google Analytics<\/strong><\/h6>\n<p>Google Analytics wird zum Erfassen von Nutzungsstatistiken, demografischen Daten und Interessen von Benutzern und des Benutzerverhaltens auf Websites verwendet. Wir nutzen auch die Google Search Console, um zu verstehen, wie unsere Websiten-besucher unsere Website finden, und um unsere Suchmaschinenoptimierung zu verbessern. <a href=\"https:\/\/tools.google.com\/dlpage\/gaoptout\">Erhalten Sie weitere Informationen<\/a> zur m\u00f6glichen Verwendung dieser analytischen Daten, zum Kontrollieren der Nutzung Ihrer Informationen und zum Verweigern der Zustimmung der Datennutzung durch Google Analytics.<\/p>\n<h6><strong>Amazon Affiliate Links <\/strong><\/h6>\n<p>dreamland.cc ist Teilnehmer des Partnerprogramms von Amazon Europe S.\u00e0 r.l., Das Partnerwerbeprogramm erm\u00f6glicht durch die Platzierung von Links zu <a href=\"https:\/\/www.amazon.de\/gp\/help\/customer\/display.html\/ref=footer_privacy?ie=UTF8&amp;nodeId=3312401\" target=\"_blank\" rel=\"noopener\">amazon.de<\/a>\u00a0Werbekostenerstattungen zu verdienen. \u00dcber diese Links werden keine pers\u00f6nlichen Daten weitergegeben.<\/p>\n<h6><strong>Werbelinks zu anderen Seiten<\/strong><\/h6>\n<p>Auf meiner Seite befinden sich auch Links die zu Onlineshops oder Partnerseiten verlinken. Beim Anklicken werdet ihr zu den entsprechenden Webseiten weitergeleitet. Auch in diesem Fall werden KEINE pers\u00f6nlichen Daten weitergegeben!<\/p>\n<h6><strong>Rechte &amp; Pflichten<\/strong><\/h6>\n<p>Im Falle eventueller Probleme mit Inhalten auf der Seite blog.dreamland.cc bitte ich um Kontaktaufnahme<br \/>\nUnstimmigkeiten zum Beispiel wegen m\u00f6glicher Urheberrechtsverletzung oder L\u00f6schung von Kommentaren k\u00f6nnen wir sicher einvernehmlich und formlos l\u00f6sen!<br \/>\nDie Kostennote einer anwaltlichen Abmahnung wird daher im Sinne der Schadensminderungspflicht als unbegr\u00fcndet zur\u00fcckgewiesen, wenn ich nicht vorher \u00fcber meine unten stehende E-Mail-Adresse kontaktiert und auf eventuelle Missst\u00e4nde hingewiesen wurde!<\/p>\n<h6><strong>Kontakt<\/strong><\/h6>\n<p>Michael Horak<br \/>\nGumpling 34<br \/>\nA-5121 Ostermiehting<br \/>\nE-Mail: mike (@ die Domain ohne das Wort blog)<\/p>\n","protected":false},"excerpt":{"rendered":"<p>Speicherung pers\u00f6nlicher Daten Diese Webseite erm\u00f6glicht es Kommentare zu den Beitr\u00e4gen abzugeben. Pers\u00f6nliche Daten, die auf diesem Weg vom Benutzer eingegeben werden, wie zum Beispiel (Name, e-Mailadresse, Weblink) sowie der Text des Kommentars, werden von der Software automatisch sichtbar als &hellip; <a href=\"https:\/\/blog.dreamland.cc\/?page_id=1247\">Weiterlesen <span class=\"meta-nav\">&rarr;<\/span><\/a><\/p>\n","protected":false},"author":2,"featured_media":0,"parent":0,"menu_order":0,"comment_status":"closed","ping_status":"closed","template":"","meta":{"jetpack_post_was_ever_published":false,"footnotes":""},"class_list":["post-1247","page","type-page","status-publish","hentry"],"yoast_head":"<!-- This site is optimized with the Yoast SEO plugin v24.9 - https:\/\/yoast.com\/wordpress\/plugins\/seo\/ -->\n<title>Datenschutzerkl\u00e4rung - Dreamland-Blog<\/title>\n<meta name=\"robots\" content=\"index, follow, max-snippet:-1, max-image-preview:large, max-video-preview:-1\" \/>\n<link rel=\"canonical\" href=\"https:\/\/blog.dreamland.cc\/?page_id=1247\" \/>\n<meta property=\"og:locale\" content=\"de_DE\" \/>\n<meta property=\"og:type\" content=\"article\" \/>\n<meta property=\"og:title\" content=\"Datenschutzerkl\u00e4rung - Dreamland-Blog\" \/>\n<meta property=\"og:description\" content=\"Speicherung pers\u00f6nlicher Daten Diese Webseite erm\u00f6glicht es Kommentare zu den Beitr\u00e4gen abzugeben. Pers\u00f6nliche Daten, die auf diesem Weg vom Benutzer eingegeben werden, wie zum Beispiel (Name, e-Mailadresse, Weblink) sowie der Text des Kommentars, werden von der Software automatisch sichtbar als &hellip; Weiterlesen &rarr;\" \/>\n<meta property=\"og:url\" content=\"https:\/\/blog.dreamland.cc\/?page_id=1247\" \/>\n<meta property=\"og:site_name\" content=\"Dreamland-Blog\" \/>\n<meta property=\"article:modified_time\" content=\"2018-05-19T07:23:37+00:00\" \/>\n<meta name=\"twitter:card\" content=\"summary_large_image\" \/>\n<meta name=\"twitter:label1\" content=\"Gesch\u00e4tzte Lesezeit\" \/>\n\t<meta name=\"twitter:data1\" content=\"2\u00a0Minuten\" \/>\n<script type=\"application\/ld+json\" class=\"yoast-schema-graph\">{\"@context\":\"https:\/\/schema.org\",\"@graph\":[{\"@type\":\"WebPage\",\"@id\":\"https:\/\/blog.dreamland.cc\/?page_id=1247\",\"url\":\"https:\/\/blog.dreamland.cc\/?page_id=1247\",\"name\":\"Datenschutzerkl\u00e4rung - Dreamland-Blog\",\"isPartOf\":{\"@id\":\"https:\/\/blog.dreamland.cc\/#website\"},\"datePublished\":\"2018-05-19T07:06:27+00:00\",\"dateModified\":\"2018-05-19T07:23:37+00:00\",\"breadcrumb\":{\"@id\":\"https:\/\/blog.dreamland.cc\/?page_id=1247#breadcrumb\"},\"inLanguage\":\"de\",\"potentialAction\":[{\"@type\":\"ReadAction\",\"target\":[\"https:\/\/blog.dreamland.cc\/?page_id=1247\"]}]},{\"@type\":\"BreadcrumbList\",\"@id\":\"https:\/\/blog.dreamland.cc\/?page_id=1247#breadcrumb\",\"itemListElement\":[{\"@type\":\"ListItem\",\"position\":1,\"name\":\"Startseite\",\"item\":\"https:\/\/blog.dreamland.cc\/\"},{\"@type\":\"ListItem\",\"position\":2,\"name\":\"Datenschutzerkl\u00e4rung\"}]},{\"@type\":\"WebSite\",\"@id\":\"https:\/\/blog.dreamland.cc\/#website\",\"url\":\"https:\/\/blog.dreamland.cc\/\",\"name\":\"Dreamland-Blog\",\"description\":\"Was f\u00fcr uns interessant ist, und was Euch interessieren k\u00f6nnte\",\"potentialAction\":[{\"@type\":\"SearchAction\",\"target\":{\"@type\":\"EntryPoint\",\"urlTemplate\":\"https:\/\/blog.dreamland.cc\/?s={search_term_string}\"},\"query-input\":{\"@type\":\"PropertyValueSpecification\",\"valueRequired\":true,\"valueName\":\"search_term_string\"}}],\"inLanguage\":\"de\"}]}<\/script>\n<!-- \/ Yoast SEO plugin. -->","yoast_head_json":{"title":"Datenschutzerkl\u00e4rung - Dreamland-Blog","robots":{"index":"index","follow":"follow","max-snippet":"max-snippet:-1","max-image-preview":"max-image-preview:large","max-video-preview":"max-video-preview:-1"},"canonical":"https:\/\/blog.dreamland.cc\/?page_id=1247","og_locale":"de_DE","og_type":"article","og_title":"Datenschutzerkl\u00e4rung - Dreamland-Blog","og_description":"Speicherung pers\u00f6nlicher Daten Diese Webseite erm\u00f6glicht es Kommentare zu den Beitr\u00e4gen abzugeben. Pers\u00f6nliche Daten, die auf diesem Weg vom Benutzer eingegeben werden, wie zum Beispiel (Name, e-Mailadresse, Weblink) sowie der Text des Kommentars, werden von der Software automatisch sichtbar als &hellip; Weiterlesen &rarr;","og_url":"https:\/\/blog.dreamland.cc\/?page_id=1247","og_site_name":"Dreamland-Blog","article_modified_time":"2018-05-19T07:23:37+00:00","twitter_card":"summary_large_image","twitter_misc":{"Gesch\u00e4tzte Lesezeit":"2\u00a0Minuten"},"schema":{"@context":"https:\/\/schema.org","@graph":[{"@type":"WebPage","@id":"https:\/\/blog.dreamland.cc\/?page_id=1247","url":"https:\/\/blog.dreamland.cc\/?page_id=1247","name":"Datenschutzerkl\u00e4rung - Dreamland-Blog","isPartOf":{"@id":"https:\/\/blog.dreamland.cc\/#website"},"datePublished":"2018-05-19T07:06:27+00:00","dateModified":"2018-05-19T07:23:37+00:00","breadcrumb":{"@id":"https:\/\/blog.dreamland.cc\/?page_id=1247#breadcrumb"},"inLanguage":"de","potentialAction":[{"@type":"ReadAction","target":["https:\/\/blog.dreamland.cc\/?page_id=1247"]}]},{"@type":"BreadcrumbList","@id":"https:\/\/blog.dreamland.cc\/?page_id=1247#breadcrumb","itemListElement":[{"@type":"ListItem","position":1,"name":"Startseite","item":"https:\/\/blog.dreamland.cc\/"},{"@type":"ListItem","position":2,"name":"Datenschutzerkl\u00e4rung"}]},{"@type":"WebSite","@id":"https:\/\/blog.dreamland.cc\/#website","url":"https:\/\/blog.dreamland.cc\/","name":"Dreamland-Blog","description":"Was f\u00fcr uns interessant ist, und was Euch interessieren k\u00f6nnte","potentialAction":[{"@type":"SearchAction","target":{"@type":"EntryPoint","urlTemplate":"https:\/\/blog.dreamland.cc\/?s={search_term_string}"},"query-input":{"@type":"PropertyValueSpecification","valueRequired":true,"valueName":"search_term_string"}}],"inLanguage":"de"}]}},"jetpack_sharing_enabled":true,"jetpack_shortlink":"https:\/\/wp.me\/P3mF0E-k7","jetpack_likes_enabled":true,"_links":{"self":[{"href":"https:\/\/blog.dreamland.cc\/index.php?rest_route=\/wp\/v2\/pages\/1247","targetHints":{"allow":["GET"]}}],"collection":[{"href":"https:\/\/blog.dreamland.cc\/index.php?rest_route=\/wp\/v2\/pages"}],"about":[{"href":"https:\/\/blog.dreamland.cc\/index.php?rest_route=\/wp\/v2\/types\/page"}],"author":[{"embeddable":true,"href":"https:\/\/blog.dreamland.cc\/index.php?rest_route=\/wp\/v2\/users\/2"}],"replies":[{"embeddable":true,"href":"https:\/\/blog.dreamland.cc\/index.php?rest_route=%2Fwp%2Fv2%2Fcomments&post=1247"}],"version-history":[{"count":3,"href":"https:\/\/blog.dreamland.cc\/index.php?rest_route=\/wp\/v2\/pages\/1247\/revisions"}],"predecessor-version":[{"id":1261,"href":"https:\/\/blog.dreamland.cc\/index.php?rest_route=\/wp\/v2\/pages\/1247\/revisions\/1261"}],"wp:attachment":[{"href":"https:\/\/blog.dreamland.cc\/index.php?rest_route=%2Fwp%2Fv2%2Fmedia&parent=1247"}],"curies":[{"name":"wp","href":"https:\/\/api.w.org\/{rel}","templated":true}]}}